{"id":1301,"date":"2016-08-17T10:08:09","date_gmt":"2016-08-17T13:08:09","guid":{"rendered":"http:\/\/realtour.tur.ar\/site\/destinos\/salida-grupal-cuba\/"},"modified":"2025-09-02T18:12:54","modified_gmt":"2025-09-02T21:12:54","slug":"salida-grupal-cuba","status":"publish","type":"product","link":"http:\/\/realtour.tur.ar\/site\/destinos\/salida-grupal-cuba\/","title":{"rendered":"Cuba 2026"},"content":{"rendered":"<p><img loading=\"lazy\" decoding=\"async\" class=\"alignnone size-full wp-image-2430\" src=\"http:\/\/realtour.tur.ar\/site\/wp-content\/uploads\/2016\/08\/541190410_1288760183261214_2134187509900228671_n.jpg\" alt=\"\" width=\"570\" height=\"764\" srcset=\"http:\/\/realtour.tur.ar\/site\/wp-content\/uploads\/2016\/08\/541190410_1288760183261214_2134187509900228671_n.jpg 570w, http:\/\/realtour.tur.ar\/site\/wp-content\/uploads\/2016\/08\/541190410_1288760183261214_2134187509900228671_n-224x300.jpg 224w\" sizes=\"auto, (max-width: 570px) 100vw, 570px\" \/><\/p>\n<p>&nbsp;<\/p>\n<p><strong>*****CONSULTAR OTRAS SALIDAS*****<\/strong><\/p>\n","protected":false},"excerpt":{"rendered":"<p>Cuba es famosa por sus playas espectaculares, acariciadas por el oc\u00e9ano Atl\u00e1ntico en la costa norte y por el mar Caribe en la sur. El pa\u00eds les ofrece a los amantes del sol m\u00e1s de 300 playas naturales inmaculadas que se extienden a lo largo de 588 kil\u00f3metros de l\u00ednea costera. Nadar y bucear en sus calmas y cristalinas aguas son actividades que se pueden disfrutar durante todo el a\u00f1o gracias al agradable clima subtropical. De hecho, Cuba promedia 330 envidiables d\u00edas soleados al a\u00f1o.<\/p>\n","protected":false},"featured_media":1049,"comment_status":"open","ping_status":"closed","template":"","meta":[],"product_brand":[],"product_cat":[165],"product_tag":[],"class_list":{"0":"post-1301","1":"product","2":"type-product","3":"status-publish","4":"has-post-thumbnail","6":"product_cat-sin-categorizar","7":"tour_category-internacionales","9":"first","10":"instock","11":"shipping-taxable","12":"product-type-tour"},"_links":{"self":[{"href":"http:\/\/realtour.tur.ar\/site\/wp-json\/wp\/v2\/product\/1301","targetHints":{"allow":["GET"]}}],"collection":[{"href":"http:\/\/realtour.tur.ar\/site\/wp-json\/wp\/v2\/product"}],"about":[{"href":"http:\/\/realtour.tur.ar\/site\/wp-json\/wp\/v2\/types\/product"}],"replies":[{"embeddable":true,"href":"http:\/\/realtour.tur.ar\/site\/wp-json\/wp\/v2\/comments?post=1301"}],"wp:featuredmedia":[{"embeddable":true,"href":"http:\/\/realtour.tur.ar\/site\/wp-json\/wp\/v2\/media\/1049"}],"wp:attachment":[{"href":"http:\/\/realtour.tur.ar\/site\/wp-json\/wp\/v2\/media?parent=1301"}],"wp:term":[{"taxonomy":"product_brand","embeddable":true,"href":"http:\/\/realtour.tur.ar\/site\/wp-json\/wp\/v2\/product_brand?post=1301"},{"taxonomy":"product_cat","embeddable":true,"href":"http:\/\/realtour.tur.ar\/site\/wp-json\/wp\/v2\/product_cat?post=1301"},{"taxonomy":"product_tag","embeddable":true,"href":"http:\/\/realtour.tur.ar\/site\/wp-json\/wp\/v2\/product_tag?post=1301"}],"curies":[{"name":"wp","href":"https:\/\/api.w.org\/{rel}","templated":true}]}}