{"id":478,"date":"2016-06-05T18:39:09","date_gmt":"2016-06-05T21:39:09","guid":{"rendered":"http:\/\/realtoursantafe.com.ar\/web\/?page_id=478"},"modified":"2019-07-05T19:20:06","modified_gmt":"2019-07-05T22:20:06","slug":"formas-y-medios-de-pago","status":"publish","type":"page","link":"http:\/\/realtour.tur.ar\/site\/formas-y-medios-de-pago\/","title":{"rendered":"Formas y Medios de Pago"},"content":{"rendered":"<p>[vc_row][vc_column width=\u00bb1\/2&#8243;]<div class=\"title\">\n\t\t<h3 class=\"title__primary\">Tarjeta de Cr\u00e9dito en hasta 12 Cuotas<\/h3>\n<\/div>\n[vc_column_text]<img loading=\"lazy\" decoding=\"async\" class=\"alignright size-full wp-image-482\" src=\"http:\/\/realtoursantafe.com.ar\/web\/wp-content\/uploads\/2016\/06\/desktop-logo-mercadopago.png\" alt=\"desktop-logo-mercadopago\" width=\"160\" height=\"41\" \/>Ingresas los datos de tu tarjeta de cr\u00e9dito al pagar y listo. La pr\u00f3xima vez que quieras usar esta tarjeta, solo te pediremos el c\u00f3digo de seguridad.<\/p>\n<ul class=\"pay\">\n<li class=\"paymentmethod-visa paymentmethod-large\">Visa<\/li>\n<li class=\"paymentmethod-master paymentmethod-large\">Mastercard<\/li>\n<li class=\"paymentmethod-amex paymentmethod-large\">American Express<\/li>\n<li class=\"paymentmethod-naranja paymentmethod-large\">Naranja<\/li>\n<li class=\"paymentmethod-tarshop paymentmethod-large\">Tarjeta Shopping<\/li>\n<li class=\"paymentmethod-nativa paymentmethod-large\">Nativa<\/li>\n<li class=\"paymentmethod-cencosud paymentmethod-large\">Cencosud<\/li>\n<li class=\"paymentmethod-cabal paymentmethod-large\">Cabal<\/li>\n<li class=\"paymentmethod-argencard paymentmethod-large\">Argencard<\/li>\n<li class=\"paymentmethod-diners paymentmethod-large\">Diners<\/li>\n<\/ul>\n<p><i class=\"td-clock-1\"><\/i> Acreditaci\u00f3n instant\u00e1nea.<\/p>\n<p><a href=\"https:\/\/www.mercadopago.com\/mla\/credit_card_promos.htm\" class=\"atbtn atbtn--default atbtn--medium\"><i class=\"atbtn__icon td-bank-card\"><\/i>Ver Promociones de cuotas sin inter\u00e9s<\/a>[\/vc_column_text][\/vc_column][vc_column width=\u00bb1\/2&#8243;]<div class=\"title\">\n\t\t<h3 class=\"title__primary\">Transferencia bancaria directa<\/h3>\n<\/div>\n[vc_column_text]Realiza tu pago directamente en nuestra cuenta bancaria. Deber\u00e1s utilizar la referencia del pedido como referencia de pago. El pedido no ser\u00e1 enviado hasta que el importe completo haya sido recibido en nuestra cuenta.<\/p>\n<p><i class=\"td-clock-1\"><\/i> La acreditaci\u00f3n depender\u00e1 del Banco y tipo de operaci\u00f3n. La espera m\u00ednima es de 48-72hs. h\u00e1biles.<\/p>\n<p><i class=\"td-wallet-1\"><\/i> Sin costo adicional.[\/vc_column_text][\/vc_column][\/vc_row][vc_row][vc_column width=\u00bb1\/2&#8243;]<div class=\"title\">\n\t\t<h3 class=\"title__primary\">Tarjeta de Cr\u00e9dito en hasta 12 Cuotas<\/h3>\n<\/div>\n[vc_column_text]<img loading=\"lazy\" decoding=\"async\" class=\"alignright size-full wp-image-482\" src=\"http:\/\/realtoursantafe.com.ar\/web\/wp-content\/uploads\/2016\/06\/desktop-logo-mercadopago.png\" alt=\"desktop-logo-mercadopago\" width=\"160\" height=\"41\" \/>Ingresas los datos de tu tarjeta de cr\u00e9dito al pagar y listo. La pr\u00f3xima vez que quieras usar esta tarjeta, solo te pediremos el c\u00f3digo de seguridad.<\/p>\n<ul class=\"pay\">\n<li class=\"paymentmethod-visa paymentmethod-large\">Visa<\/li>\n<li class=\"paymentmethod-master paymentmethod-large\">Mastercard<\/li>\n<li class=\"paymentmethod-amex paymentmethod-large\">American Express<\/li>\n<li class=\"paymentmethod-naranja paymentmethod-large\">Naranja<\/li>\n<li class=\"paymentmethod-tarshop paymentmethod-large\">Tarjeta Shopping<\/li>\n<li class=\"paymentmethod-nativa paymentmethod-large\">Nativa<\/li>\n<li class=\"paymentmethod-cencosud paymentmethod-large\">Cencosud<\/li>\n<li class=\"paymentmethod-cabal paymentmethod-large\">Cabal<\/li>\n<li class=\"paymentmethod-argencard paymentmethod-large\">Argencard<\/li>\n<li class=\"paymentmethod-diners paymentmethod-large\">Diners<\/li>\n<\/ul>\n<p><i class=\"td-clock-1\"><\/i> Acreditaci\u00f3n instant\u00e1nea.<\/p>\n<p><a href=\"https:\/\/www.mercadopago.com\/mla\/credit_card_promos.htm\" class=\"atbtn atbtn--default atbtn--medium\"><i class=\"atbtn__icon td-bank-card\"><\/i>Ver Promociones de cuotas sin inter\u00e9s<\/a>[\/vc_column_text][\/vc_column][vc_column width=\u00bb1\/2&#8243;]<div class=\"title\">\n\t\t<h3 class=\"title__primary\">Plan Ahora 12 y 18 cuotas<\/h3>\n<\/div>\n[vc_column_text]<\/p>\n<p>S\u00f3lo para destinos nacionales. Consultar recargo.<img loading=\"lazy\" decoding=\"async\" class=\"alignnone wp-image-2293\" src=\"http:\/\/realtour.tur.ar\/site\/wp-content\/uploads\/2016\/06\/arton100352.jpg\" alt=\"arton100352\" width=\"310\" height=\"136\" \/>[\/vc_column_text][\/vc_column][\/vc_row][vc_row][vc_column width=\u00bb1\/2&#8243;]<div class=\"title\">\n\t\t<h3 class=\"title__primary\">Financiaci\u00f3n en Efectivo<\/h3>\n<\/div>\n[vc_column_text]Se\u00f1a del 30% del total para la reserva. Saldos en pagos parciales hasta 7 d\u00edas antes de la fecha de salida del viaje.[\/vc_column_text][\/vc_column][vc_column width=\u00bb1\/2&#8243;]<div class=\"title\">\n\t\t<h3 class=\"title__primary\">Ley 18,829 Decreto 2,182 Articulo 21<\/h3>\n<\/div>\n[vc_column_text]En todos los casos de cancelaciones y sin excepciones se retendr\u00e1:<\/p>\n<p><strong>Hasta 15 d\u00edas antes de la fecha de salida 10% del total del tour.<\/strong><\/p>\n<p><strong>Hasta 7 d\u00edas antes de la fecha de salida 25% del total del tour.<\/strong><\/p>\n<p><strong>Hasta 72 horas antes de la fecha de salida 100% del total del tour.<\/strong>[\/vc_column_text][\/vc_column][\/vc_row]<\/p>\n","protected":false},"excerpt":{"rendered":"<p>[vc_row][vc_column width=\u00bb1\/2&#8243;][vc_column_text]Ingresas los datos de tu tarjeta de cr\u00e9dito al pagar y listo. La pr\u00f3xima vez que quieras usar esta tarjeta, solo te pediremos el c\u00f3digo de seguridad. Visa Mastercard American Express Naranja Tarjeta Shopping<\/p>\n<div class=\"padding-top text-center\"><a href=\"http:\/\/realtour.tur.ar\/site\/formas-y-medios-de-pago\/\" class=\"atbtn atbtn--medium atbtn--rounded atbtn--transparent\">Leer m\u00e1s<i class=\"atbtn__icon atbtn__icon--right fa fa-long-arrow-right\"><\/i><\/a><\/div>\n","protected":false},"author":3,"featured_media":0,"parent":0,"menu_order":0,"comment_status":"closed","ping_status":"closed","template":"","meta":{"footnotes":""},"class_list":["post-478","page","type-page","status-publish","hentry"],"_links":{"self":[{"href":"http:\/\/realtour.tur.ar\/site\/wp-json\/wp\/v2\/pages\/478","targetHints":{"allow":["GET"]}}],"collection":[{"href":"http:\/\/realtour.tur.ar\/site\/wp-json\/wp\/v2\/pages"}],"about":[{"href":"http:\/\/realtour.tur.ar\/site\/wp-json\/wp\/v2\/types\/page"}],"author":[{"embeddable":true,"href":"http:\/\/realtour.tur.ar\/site\/wp-json\/wp\/v2\/users\/3"}],"replies":[{"embeddable":true,"href":"http:\/\/realtour.tur.ar\/site\/wp-json\/wp\/v2\/comments?post=478"}],"version-history":[{"count":0,"href":"http:\/\/realtour.tur.ar\/site\/wp-json\/wp\/v2\/pages\/478\/revisions"}],"wp:attachment":[{"href":"http:\/\/realtour.tur.ar\/site\/wp-json\/wp\/v2\/media?parent=478"}],"curies":[{"name":"wp","href":"https:\/\/api.w.org\/{rel}","templated":true}]}}