{"id":36,"date":"2016-05-18T15:17:49","date_gmt":"2016-05-18T18:17:49","guid":{"rendered":"http:\/\/realtoursantafe.com.ar\/web\/?page_id=36"},"modified":"2016-05-26T15:03:21","modified_gmt":"2016-05-26T18:03:21","slug":"politica-de-privacidad","status":"publish","type":"page","link":"http:\/\/realtour.tur.ar\/site\/politica-de-privacidad\/","title":{"rendered":"Pol\u00edtica de Privacidad"},"content":{"rendered":"<p><strong>1. USO Y TRATAMIENTO DE DATOS DE CAR\u00c1CTER PERSONAL<\/strong><\/p>\n<p>REAL TOUR &#8211; VIAJES NACIONALES E INTERNACIONALES le informa que los datos de car\u00e1cter personal proporcionados, a trav\u00e9s del sitio web, as\u00ed como los que pudiera facilitar en el futuro en el marco de su relaci\u00f3n jur\u00eddica con esta entidad, son archivados bajo seguridad en nuestros servidores.<\/p>\n<p>El almacenamiento de esta informaci\u00f3n tiene la finalidad de gestionar, administrar, prestarle los servicios o facilitarle los productos que solicite, facilitar el cumplimiento y ejecuci\u00f3n de los contratos que pudiera celebrar, conocer mejor sus gustos y adecuar los servicios a sus preferencias, as\u00ed como poder ofrecerle nuevos servicios o productos y enviarle informaci\u00f3n administrativa, t\u00e9cnica, organizativa y\/o comercial de forma documental y\/o electr\u00f3nica relacionada con las actividades de REAL TOUR &#8211; VIAJES NACIONALES E INTERNACIONALES. Los destinatarios de la informaci\u00f3n recogida ser\u00e1n, principalmente, los empleados de REAL TOUR &#8211; VIAJES NACIONALES E INTERNACIONALES.<\/p>\n<p>Salvo en los campos en que expresamente se determine lo contrario por medio de un asterisco (*), las respuestas a las preguntas sobre datos personales son voluntarias, sin que la falta de contestaci\u00f3n a dichas preguntas implique una merma en la calidad de los servicios que Usted solicita. La falta de cumplimentaci\u00f3n de los campos determinados como obligatorios o el suministro de datos incorrectos imposibilitar\u00e1 que REAL TOUR &#8211; VIAJES NACIONALES E INTERNACIONALES pueda prestarle los servicios o le facilite los productos que solicite.<\/p>\n<p>Los usuarios garantizan y responden, en cualquier caso, de la veracidad, exactitud, vigencia y autenticidad de la informaci\u00f3n personal facilitada y se comprometen a mantenerla debidamente actualizada.<\/p>\n<p>&nbsp;<\/p>\n<p><strong>2. EJERCICIO DE DERECHOS: ACCESO, RECTIFICACI\u00d3N, CANCELACI\u00d3N Y OPOSICI\u00d3N<\/strong><\/p>\n<p>Aquellas personas f\u00edsicas que hayan facilitado sus datos a REAL TOUR &#8211; VIAJES NACIONALES E INTERNACIONALES podr\u00e1n dirigirse a esta entidad, en su calidad de titular de los datos, con el fin de poder ejercitar gratuitamente sus derechos de acceso, rectificaci\u00f3n, cancelaci\u00f3n y oposici\u00f3n respecto de sus datos, conforme a la normativa vigente.<\/p>\n<p>Conforme se establece en el art\u00edculo 14, inciso 3 de la Ley N\u00ba 25.326, el titular de los datos personales tiene la facultad de ejercer el derecho de acceso a los mismos en forma gratuita a intervalos no inferiores a seis meses, salvo que se acredite un inter\u00e9s leg\u00edtimo al efecto.<\/p>\n<p>Dado el car\u00e1cter confidencial de la informaci\u00f3n, usted no podr\u00e1 ejercitar sus derechos telef\u00f3nicamente, sino que lo deber\u00e1 solicitar por cualquier medio que deje constancia de su env\u00edo y de su recepci\u00f3n y remitir copia de su DNI o documento equivalente.<\/p>\n<p>El interesado podr\u00e1 ejercitar sus derechos mediante comunicaci\u00f3n por escrito dirigida a REAL TOUR &#8211; VIAJES NACIONALES E INTERNACIONALES en la direcci\u00f3n indicada al inicio o a la direcci\u00f3n de correo electr\u00f3nico realtour@arnet.com.ar.<\/p>\n<p>Se informa que la Direcci\u00f3n Nacional de Protecci\u00f3n de Datos Personales, \u00d3rgano de Control de la Ley N\u00ba 25.326, tiene la atribuci\u00f3n de atender las denuncias y reclamos que se interpongan con relaci\u00f3n al incumplimiento de las normas sobre protecci\u00f3n de datos personales.<\/p>\n<p>&nbsp;<\/p>\n<p><strong>3. MEDIDAS DE SEGURIDAD<\/strong><\/p>\n<p>REAL TOUR &#8211; VIAJES NACIONALES E INTERNACIONALES est\u00e1 obligada a cumplir con toda la normativa aplicable en materia de medidas de seguridad aplicables a la informaci\u00f3n y datos de car\u00e1cter personal.<\/p>\n<p>REAL TOUR &#8211; VIAJES NACIONALES E INTERNACIONALES le informa que tiene implantadas las medidas de seguridad de \u00edndole t\u00e9cnica y organizativas necesarias para garantizar la seguridad de sus datos de car\u00e1cter personal y evitar su alteraci\u00f3n, p\u00e9rdida y tratamiento y\/o acceso no autorizado, habida cuenta del estado de la tecnolog\u00eda, la naturaleza de los datos almacenados y los riesgos a que est\u00e1n expuestos, ya provengan de la acci\u00f3n humana o del medio f\u00edsico o natural. As\u00ed, REAL TOUR &#8211; VIAJES NACIONALES E INTERNACIONALES ha establecido medidas adicionales en orden a reforzar la confidencialidad e integridad de la informaci\u00f3n en la organizaci\u00f3n. No obstante, el usuario debe ser consciente de que las medidas de seguridad en Internet no son inexpugnables y enteramente fiables y que REAL TOUR &#8211; VIAJES NACIONALES E INTERNACIONALES no puede garantizar la inexistencia de virus u otros elementos que pudieran producir alteraciones en los sistemas inform\u00e1ticos (software y hardware) del usuario.<\/p>\n<p>REAL TOUR &#8211; VIAJES NACIONALES E INTERNACIONALES continuamente mantiene la supervisi\u00f3n, control y evaluaci\u00f3n de los procesos para asegurar el respeto a la privacidad de los datos.<\/p>\n<p>&nbsp;<\/p>\n<p><strong>4. USO DE COOKIES<\/strong><\/p>\n<p>Las \u00abcookies\u00bb constituyen una herramienta empleada por los servidores web para almacenar y recuperar informaci\u00f3n acerca de sus usuarios.<\/p>\n<p>Las \u00abcookies\u00bb son mensajes enviados por el servidor al ordenador del usuario, consistentes en archivos de texto que se almacenan en la memoria del ordenador y que recogen informaci\u00f3n relativa a las p\u00e1ginas que se visitan, el tiempo de conexi\u00f3n a Internet, etc. Las \u00abcookies\u00bb vuelven a ser enviadas al servidor cada vez que el usuario entra en esa p\u00e1gina.<\/p>\n<p>La finalidad de las \u00abcookies\u00bb de REAL TOUR &#8211; VIAJES NACIONALES E INTERNACIONALES es personalizar los servicios que le ofrecemos, facilit\u00e1ndole informaci\u00f3n que pueda ser de su inter\u00e9s. Si no desea que se instale en su disco duro una cookie puede configurar el navegador de su ordenador para no recibirlas. Sin embargo, le hacemos notar que, en ese caso, la calidad del funcionamiento del sitio web puede disminuir.<\/p>\n<p>Las \u00abcookies\u00bb se asocian \u00fanicamente con un usuario an\u00f3nimo y su ordenador, y no proporcionan por s\u00ed solas los datos personales del usuario, ni pueden leer datos de su disco duro, ni leer los archivos cookie creados por otros proveedores.<\/p>\n<p>Los \u00ablogs\u00bb son unos archivos almacenados en el servidor de REAL TOUR &#8211; VIAJES NACIONALES E INTERNACIONALES que registran datos sobre su navegaci\u00f3n y nos permiten seguirle prestando los servicios que solicita. Asimismo, nos ayudan a analizar el funcionamiento del sistema, localizar las incidencias y problemas que puedan surgir y solventarlos en el menor plazo posible.<\/p>\n<p>&nbsp;<\/p>\n<p><strong>5. MENORES DE EDAD<\/strong><\/p>\n<p>REAL TOUR &#8211; VIAJES NACIONALES E INTERNACIONALES considera que la protecci\u00f3n de datos de car\u00e1cter personal es esencial, por lo que en el supuesto de que el usuario sea menor de edad, \u00e9ste s\u00f3lo podr\u00e1 aportar sus datos personales en los formularios de recogida de los mismos, con el previo consentimiento de los padres o tutores, enviando el formulario correspondiente debidamente firmado por los padres o tutores por correo certificado y con copia del DNI del padre o tutor firmante a la direcci\u00f3n de REAL TOUR &#8211; VIAJES NACIONALES E INTERNACIONALES arriba indicada.<\/p>\n<p>REAL TOUR &#8211; VIAJES NACIONALES E INTERNACIONALES no responde de aquellos datos de menores que sin poder conocer REAL TOUR &#8211; VIAJES NACIONALES E INTERNACIONALES este hecho se haya facilitado sin el consentimiento de los padres o tutores.<\/p>\n<p>&nbsp;<\/p>\n<p><strong>6. MODIFICACI\u00d3N DE LA POL\u00cdTICA DE PRIVACIDAD<\/strong><\/p>\n<p>REAL TOUR &#8211; VIAJES NACIONALES E INTERNACIONALES se reserva el derecho a modificar su Pol\u00edtica de Privacidad. Cualquier modificaci\u00f3n de la Pol\u00edtica de Privacidad ser\u00e1 publicada, antes de su efectiva aplicaci\u00f3n. El uso del Web despu\u00e9s de dichos cambios, implicar\u00e1 la aceptaci\u00f3n de \u00e9stos.<\/p>\n<p>&nbsp;<\/p>\n<p><strong>7. LEGISLACI\u00d3N APLICABLE<\/strong><\/p>\n<p>Cualquier controversia que se derive del uso de este site, ser\u00e1 interpretada y sometida de acuerdo con las leyes de Argentina.<\/p>\n","protected":false},"excerpt":{"rendered":"<p>1. USO Y TRATAMIENTO DE DATOS DE CAR\u00c1CTER PERSONAL REAL TOUR &#8211; VIAJES NACIONALES E INTERNACIONALES le informa que los datos de car\u00e1cter personal proporcionados, a trav\u00e9s del sitio web, as\u00ed como los que pudiera<\/p>\n<div class=\"padding-top text-center\"><a href=\"http:\/\/realtour.tur.ar\/site\/politica-de-privacidad\/\" class=\"atbtn atbtn--medium atbtn--rounded atbtn--transparent\">Leer m\u00e1s<i class=\"atbtn__icon atbtn__icon--right fa fa-long-arrow-right\"><\/i><\/a><\/div>\n","protected":false},"author":3,"featured_media":0,"parent":0,"menu_order":0,"comment_status":"closed","ping_status":"closed","template":"template-page-with-sidebar.php","meta":{"footnotes":""},"class_list":["post-36","page","type-page","status-publish","hentry"],"_links":{"self":[{"href":"http:\/\/realtour.tur.ar\/site\/wp-json\/wp\/v2\/pages\/36","targetHints":{"allow":["GET"]}}],"collection":[{"href":"http:\/\/realtour.tur.ar\/site\/wp-json\/wp\/v2\/pages"}],"about":[{"href":"http:\/\/realtour.tur.ar\/site\/wp-json\/wp\/v2\/types\/page"}],"author":[{"embeddable":true,"href":"http:\/\/realtour.tur.ar\/site\/wp-json\/wp\/v2\/users\/3"}],"replies":[{"embeddable":true,"href":"http:\/\/realtour.tur.ar\/site\/wp-json\/wp\/v2\/comments?post=36"}],"version-history":[{"count":0,"href":"http:\/\/realtour.tur.ar\/site\/wp-json\/wp\/v2\/pages\/36\/revisions"}],"wp:attachment":[{"href":"http:\/\/realtour.tur.ar\/site\/wp-json\/wp\/v2\/media?parent=36"}],"curies":[{"name":"wp","href":"https:\/\/api.w.org\/{rel}","templated":true}]}}