{"id":16,"date":"2016-05-18T11:03:34","date_gmt":"2016-05-18T14:03:34","guid":{"rendered":"http:\/\/realtoursantafe.com.ar\/web\/?page_id=16"},"modified":"2016-06-13T16:20:34","modified_gmt":"2016-06-13T19:20:34","slug":"servicios","status":"publish","type":"page","link":"http:\/\/realtour.tur.ar\/site\/servicios\/","title":{"rendered":"Servicios"},"content":{"rendered":"<p>[vc_row content_placement=\u00bbmiddle\u00bb el_id=\u00bbservicios\u00bb css=\u00bb.vc_custom_1464297180210{margin-bottom: 40px !important;}\u00bb][vc_column width=\u00bb1\/4&#8243;][vc_single_image image=\u00bb131&#8243; img_size=\u00bb200&#215;200&#8243; alignment=\u00bbcenter\u00bb css=\u00bb.vc_custom_1464295750235{margin-bottom: 0px !important;padding-bottom: 0px !important;}\u00bb][vc_column_text]<\/p>\n<h2 style=\"text-align: center;\">Vuelos<\/h2>\n<p style=\"text-align: center;\">Compra de pasajes a\u00e9reos<\/p>\n<p style=\"text-align: center;\"><a href=\"http:\/\/realtour.tur.ar\/site\/contacto\/\" class=\"atbtn atbtn--default atbtn--large\">Consultanos!<i class=\"atbtn__icon td-plane-1 atbtn__icon--right\"><\/i><\/a><\/p>\n<p>[\/vc_column_text][\/vc_column][vc_column width=\u00bb1\/4&#8243;][vc_single_image image=\u00bb141&#8243; img_size=\u00bb200&#215;200&#8243; alignment=\u00bbcenter\u00bb css=\u00bb.vc_custom_1464296193947{margin-bottom: 0px !important;padding-bottom: 0px !important;}\u00bb][vc_column_text]<\/p>\n<h2 style=\"text-align: center;\">Terrestres<\/h2>\n<p style=\"text-align: center;\">Compra de pasajes en bus<\/p>\n<p style=\"text-align: center;\"><a href=\"http:\/\/realtour.tur.ar\/site\/contacto\/\" class=\"atbtn atbtn--default atbtn--large\">Consultanos!<i class=\"atbtn__icon td-bus-2 atbtn__icon--right\"><\/i><\/a><\/p>\n<p>[\/vc_column_text][\/vc_column][vc_column width=\u00bb1\/4&#8243;][vc_single_image image=\u00bb142&#8243; img_size=\u00bb200&#215;200&#8243; alignment=\u00bbcenter\u00bb css=\u00bb.vc_custom_1464296106018{margin-bottom: 0px !important;padding-bottom: 0px !important;}\u00bb][vc_column_text]<\/p>\n<h2 style=\"text-align: center;\">Hoteles<\/h2>\n<p style=\"text-align: center;\">Reservas en tu hotel favorito<\/p>\n<p style=\"text-align: center;\"><a href=\"http:\/\/realtour.tur.ar\/site\/contacto\/\" class=\"atbtn atbtn--default atbtn--large\">Consultanos!<i class=\"atbtn__icon td-hotel atbtn__icon--right\"><\/i><\/a><\/p>\n<p>[\/vc_column_text][\/vc_column][vc_column width=\u00bb1\/4&#8243;][vc_single_image image=\u00bb143&#8243; img_size=\u00bb200&#215;200&#8243; alignment=\u00bbcenter\u00bb css=\u00bb.vc_custom_1464296120219{margin-bottom: 0px !important;padding-bottom: 0px !important;}\u00bb][vc_column_text]<\/p>\n<h2 style=\"text-align: center;\">Viaj\u00e1 Seguro<\/h2>\n<p style=\"text-align: center;\">Asistencia al viajero<\/p>\n<p style=\"text-align: center;\"><a href=\"http:\/\/realtour.tur.ar\/site\/contacto\/\" class=\"atbtn atbtn--default atbtn--large\">Consultanos!<i class=\"atbtn__icon td-baggage atbtn__icon--right\"><\/i><\/a><\/p>\n<p>[\/vc_column_text][\/vc_column][\/vc_row][vc_row css=\u00bb.vc_custom_1465161185802{margin-bottom: 40px !important;}\u00bb][vc_column]<div class=\"form-block form-block--horizontal form-block--with-border form-block--button-align-left\">\n\t\n\t<form class=\"form-block__form\" method=\"get\" action=\"http:\/\/realtour.tur.ar\/site\/\">\n\t\t<input type=\"hidden\" name=\"toursearch\" value=\"1\">\n\t\n\t\t<div class=\"row\">\n\t\t<div class=\"col-sm-2\"><div class=\"form-block__item form-block__field-width-icon\"><input type=\"text\" placeholder=\"Buscar Destino\" value=\"\" name=\"s\"><i class=\"td-search-1\"><\/i><\/div><\/div><div class=\"col-sm-2\"><div class=\"form-block__item form-block__field-width-icon\"><select  name='tourtax[tour_category]' id='tourtax[tour_category]' class='selectpicker'>\n\t<option value=''>Categor\u00eda<\/option>\n\t<option class=\"level-0\" value=\"nacionales\">Nacionales&nbsp;&nbsp;(6)<\/option>\n\t<option class=\"level-0\" value=\"internacionales\">Internacionales&nbsp;&nbsp;(6)<\/option>\n\t<option class=\"level-0\" value=\"cruceros\">Cruceros&nbsp;&nbsp;(1)<\/option>\n\t<option class=\"level-0\" value=\"sur-de-brasil\">Sur de Brasil&nbsp;&nbsp;(3)<\/option>\n<\/select>\n<i class=\"td-network\"><\/i><\/div><\/div><div class=\"col-sm-2\"><div class=\"form-block__item form-block__field-width-icon\"><select name=\"tourtax[pa_transporte]\" class=\"selectpicker\"><option value=\"\" selected=\"selected\">Transporte<\/option><option value=\"aereo\">A\u00e9reo<\/option><option value=\"aereo-desde-bs-as\">A\u00e9reo desde Bs. As.<\/option><option value=\"aereo-desde-cordoba\">A\u00e9reo desde Cordoba<\/option><option value=\"aereo-desde-rosario\">A\u00e9reo desde Rosario<\/option><option value=\"bus-charter-mix\">Bus Charter Mix<\/option><option value=\"bus-mix\">BUS MIX<\/option><option value=\"bus-semicama\">Bus Semicama<\/option><option value=\"crucero\">Crucero<\/option><\/select><i class=\"td-bus-1\"><\/i><\/div><\/div><div class=\"col-sm-2\"><div class=\"form-block__item form-block__field-width-icon\"><select name=\"tourtax[pa_duracion]\" class=\"selectpicker\"><option value=\"\" selected=\"selected\">Duraci\u00f3n<\/option><option value=\"15-noches\">15 Noches<\/option><option value=\"3-noches\">3 Noches<\/option><option value=\"4-noches\">4 Noches<\/option><option value=\"7-noches\">7 Noches<\/option><option value=\"8-noches\">8 Noches<\/option><option value=\"9-noches\">9 Noches<\/option><\/select><i class=\"td-clock-3\"><\/i><\/div><\/div><div class=\"col-sm-2\"><div class=\"form-block__item form-block__field-width-icon\"><select name=\"tourtax[pa_regimen]\" class=\"selectpicker\"><option value=\"\" selected=\"selected\">R\u00e9gimen<\/option><option value=\"all-inclusive\">All Inclusive<\/option><option value=\"desayuno\">Desayuno<\/option><option value=\"media-pension\">Media Pensi\u00f3n<\/option><option value=\"pension-completa\">Pensi\u00f3n Completa<\/option><\/select><i class=\"td-cutlery\"><\/i><\/div><\/div><div class=\"col-sm-2\"><button type=\"submit\" class=\"atbtn atbtn--primary\">Encontrar Destinos<\/button><\/div>\t\t<\/div>\n\t<\/form>\n<\/div>\n[\/vc_column][\/vc_row][vc_row equal_height=\u00bbyes\u00bb css=\u00bb.vc_custom_1464711568725{margin-bottom: -40px !important;padding-bottom: 0px !important;}\u00bb][vc_column width=\u00bb1\/3&#8243;]<div class=\"title title--underline title--decoration-bottom-left\">\n\t\t\t<div class=\"title__subtitle\">Quiero Armar Mi Viaje!<\/div>\n\t\t<h3 class=\"title__primary\">Arm\u00e1 tu viaje a medida<\/h3>\n<\/div>\n[vc_column_text]Sin dudas no todos tenemos los mismos gustos, las mismas necesidades o simplemente los mismos sue\u00f1os. Es por esto que ademas de nuestras opciones de Paquetes o Salidas Grupales, ofrecemos a nuestros clientes la posibilidad de armar su viaje a medida!<\/p>\n<p>Te acercamos nuestras herramientas mas importantes, la experiencia y el conocimiento, para que armes, dise\u00f1es y decidas como hacer tu viaje con nuestro asesoramiento en cada detalle, de esta maneras podr\u00e1s obtener un itinerario a tu medida y con la satisfacci\u00f3n de saber que por un momento fuiste tu propio \u201cAgente de Viajes\u201d\u2026[\/vc_column_text][vc_single_image image=\u00bb152&#8243; img_size=\u00bbfull\u00bb alignment=\u00bbcenter\u00bb css=\u00bb.vc_custom_1464711460106{margin-bottom: 0px !important;padding-bottom: 0px !important;}\u00bb][\/vc_column][vc_column width=\u00bb2\/3&#8243;]\n<div class=\"wpcf7 no-js\" id=\"wpcf7-f148-o1\" lang=\"es-ES\" dir=\"ltr\" data-wpcf7-id=\"148\">\n<div class=\"screen-reader-response\"><p role=\"status\" aria-live=\"polite\" aria-atomic=\"true\"><\/p> <ul><\/ul><\/div>\n<form action=\"\/site\/wp-json\/wp\/v2\/pages\/16#wpcf7-f148-o1\" method=\"post\" class=\"wpcf7-form init\" aria-label=\"Formulario de contacto\" novalidate=\"novalidate\" data-status=\"init\">\n<fieldset class=\"hidden-fields-container\"><input type=\"hidden\" name=\"_wpcf7\" value=\"148\" \/><input type=\"hidden\" name=\"_wpcf7_version\" value=\"6.1.5\" \/><input type=\"hidden\" name=\"_wpcf7_locale\" value=\"es_ES\" \/><input type=\"hidden\" name=\"_wpcf7_unit_tag\" value=\"wpcf7-f148-o1\" \/><input type=\"hidden\" name=\"_wpcf7_container_post\" value=\"0\" \/><input type=\"hidden\" name=\"_wpcf7_posted_data_hash\" value=\"\" \/><input type=\"hidden\" name=\"_wpcf7_recaptcha_response\" value=\"\" \/>\n<\/fieldset>\n<div class=\"form-contact\">\n\t<div class=\"form-contact__fields-short\">\n\t\t<div class=\"form-contact__item-short\">\n\t\t\t<p><span><span class=\"wpcf7-form-control-wrap\" data-name=\"telefono\"><input size=\"40\" maxlength=\"400\" class=\"wpcf7-form-control wpcf7-text wpcf7-validates-as-required\" aria-required=\"true\" aria-invalid=\"false\" placeholder=\"Tel\u00e9fono\" value=\"\" type=\"text\" name=\"telefono\" \/><\/span><\/span>\n\t\t\t<\/p>\n\t\t<\/div>\n\t\t<div class=\"form-contact__item-short\">\n\t\t\t<p><span><span class=\"wpcf7-form-control-wrap\" data-name=\"nombre\"><input size=\"40\" maxlength=\"400\" class=\"wpcf7-form-control wpcf7-text wpcf7-validates-as-required\" aria-required=\"true\" aria-invalid=\"false\" placeholder=\"Nombre y Apellido\" value=\"\" type=\"text\" name=\"nombre\" \/><\/span><\/span>\n\t\t\t<\/p>\n\t\t<\/div>\n\t<\/div>\n\t<div class=\"form-contact__fields-short\">\n\t\t<p><span><span class=\"wpcf7-form-control-wrap\" data-name=\"email\"><input size=\"40\" maxlength=\"400\" class=\"wpcf7-form-control wpcf7-email wpcf7-validates-as-required wpcf7-text wpcf7-validates-as-email\" aria-required=\"true\" aria-invalid=\"false\" placeholder=\"Correo electr\u00f3nico\" value=\"\" type=\"email\" name=\"email\" \/><\/span><\/span>\n\t\t<\/p>\n\t<\/div>\n\t<div class=\"form-contact__fields-short\">\n\t\t<div class=\"form-contact__item-short\">\n\t\t\t<p><span><span class=\"wpcf7-form-control-wrap\" data-name=\"salida\"><input class=\"wpcf7-form-control wpcf7-date wpcf7-validates-as-required wpcf7-validates-as-date\" aria-required=\"true\" aria-invalid=\"false\" placeholder=\"Cuando quer\u00e9s salir?\" value=\"\" type=\"date\" name=\"salida\" \/><\/span><\/span>\n\t\t\t<\/p>\n\t\t<\/div>\n\t\t<div class=\"form-contact__item-short\">\n\t\t\t<p><span><span class=\"wpcf7-form-control-wrap\" data-name=\"origen\"><input size=\"40\" maxlength=\"400\" class=\"wpcf7-form-control wpcf7-text wpcf7-validates-as-required\" aria-required=\"true\" aria-invalid=\"false\" placeholder=\"Ciudad de Origen\" value=\"\" type=\"text\" name=\"origen\" \/><\/span><\/span>\n\t\t\t<\/p>\n\t\t<\/div>\n\t<\/div>\n\t<div class=\"form-contact__fields-short\">\n\t\t<div class=\"form-contact__item-short\">\n\t\t\t<p><span><span class=\"wpcf7-form-control-wrap\" data-name=\"destino2\"><input size=\"40\" maxlength=\"400\" class=\"wpcf7-form-control wpcf7-text\" aria-invalid=\"false\" placeholder=\"Destino 2 (opcional)\" value=\"\" type=\"text\" name=\"destino2\" \/><\/span><\/span>\n\t\t\t<\/p>\n\t\t<\/div>\n\t\t<div class=\"form-contact__item-short\">\n\t\t\t<p><span><span class=\"wpcf7-form-control-wrap\" data-name=\"destino1\"><input size=\"40\" maxlength=\"400\" class=\"wpcf7-form-control wpcf7-text wpcf7-validates-as-required\" aria-required=\"true\" aria-invalid=\"false\" placeholder=\"Destino 1\" value=\"\" type=\"text\" name=\"destino1\" \/><\/span><\/span>\n\t\t\t<\/p>\n\t\t<\/div>\n\t<\/div>\n\t<div class=\"form-contact__fields-short\">\n\t\t<div class=\"form-contact__item-short\">\n\t\t\t<p><span><span class=\"wpcf7-form-control-wrap\" data-name=\"destino4\"><input size=\"40\" maxlength=\"400\" class=\"wpcf7-form-control wpcf7-text\" aria-invalid=\"false\" placeholder=\"Destino 4 (opcional)\" value=\"\" type=\"text\" name=\"destino4\" \/><\/span><\/span>\n\t\t\t<\/p>\n\t\t<\/div>\n\t\t<div class=\"form-contact__item-short\">\n\t\t\t<p><span><span class=\"wpcf7-form-control-wrap\" data-name=\"destino3\"><input size=\"40\" maxlength=\"400\" class=\"wpcf7-form-control wpcf7-text wpcf7-validates-as-required\" aria-required=\"true\" aria-invalid=\"false\" placeholder=\"Destino 3 (opcional)\" value=\"\" type=\"text\" name=\"destino3\" \/><\/span><\/span>\n\t\t\t<\/p>\n\t\t<\/div>\n\t<\/div>\n\t<div class=\"form-contact__fields-short\">\n\t\t<div class=\"form-contact__item-short\">\n\t\t\t<p><span><span class=\"wpcf7-form-control-wrap\" data-name=\"hoteleria\"><select class=\"wpcf7-form-control wpcf7-select\" aria-invalid=\"false\" name=\"hoteleria\"><option value=\"Hoteler\u00eda \/ Hospedaje\">Hoteler\u00eda \/ Hospedaje<\/option><option value=\"------------------------------------\">------------------------------------<\/option><option value=\"Indistinto\">Indistinto<\/option><option value=\"Posada\">Posada<\/option><option value=\"Hoster\u00eda\">Hoster\u00eda<\/option><option value=\"Hostel\">Hostel<\/option><option value=\"Hotel 1 Estrella\">Hotel 1 Estrella<\/option><option value=\"Hotel 2 Estrellas\">Hotel 2 Estrellas<\/option><option value=\"Hotel 3 Estrellas\">Hotel 3 Estrellas<\/option><option value=\"Hotel 4 Estrellas\">Hotel 4 Estrellas<\/option><option value=\"Hotel 5 Estrellas\">Hotel 5 Estrellas<\/option><option value=\"Hotel 5+ Estrellas\">Hotel 5+ Estrellas<\/option><\/select><\/span><\/span>\n\t\t\t<\/p>\n\t\t<\/div>\n\t\t<div class=\"form-contact__item-short\">\n\t\t\t<p><span><span class=\"wpcf7-form-control-wrap\" data-name=\"noches\"><select class=\"wpcf7-form-control wpcf7-select\" aria-invalid=\"false\" name=\"noches\"><option value=\"Cantidad de Noches\">Cantidad de Noches<\/option><option value=\"------------------------------------\">------------------------------------<\/option><option value=\"1 Noche\">1 Noche<\/option><option value=\"2 Noches\">2 Noches<\/option><option value=\"3 Noches\">3 Noches<\/option><option value=\"4 Noches\">4 Noches<\/option><option value=\"5 Noches\">5 Noches<\/option><option value=\"6 Noches\">6 Noches<\/option><option value=\"7 Noches\">7 Noches<\/option><option value=\"8 Noches\">8 Noches<\/option><option value=\"9 Noches\">9 Noches<\/option><option value=\"10 Noches\">10 Noches<\/option><option value=\"11 Noches\">11 Noches<\/option><option value=\"12 Noches\">12 Noches<\/option><option value=\"13 Noches\">13 Noches<\/option><option value=\"14 Noches\">14 Noches<\/option><option value=\"15 Noches\">15 Noches<\/option><option value=\"16 Noches\">16 Noches<\/option><option value=\"17 Noches\">17 Noches<\/option><option value=\"18 Noches\">18 Noches<\/option><option value=\"19 Noches\">19 Noches<\/option><option value=\"20 Noches\">20 Noches<\/option><option value=\"+20 Noches\">+20 Noches<\/option><\/select><\/span><\/span>\n\t\t\t<\/p>\n\t\t<\/div>\n\t<\/div>\n\t<div class=\"form-contact__fields-short\">\n\t\t<div class=\"form-contact__item-short\">\n\t\t\t<p><span><span class=\"wpcf7-form-control-wrap\" data-name=\"servicios\"><select class=\"wpcf7-form-control wpcf7-select\" aria-invalid=\"false\" name=\"servicios\"><option value=\"Servicios Incluidos\">Servicios Incluidos<\/option><option value=\"------------------------------------\">------------------------------------<\/option><option value=\"Desayuno\">Desayuno<\/option><option value=\"Media Pensi\u00f3n\">Media Pensi\u00f3n<\/option><option value=\"Pensi\u00f3n Completa\">Pensi\u00f3n Completa<\/option><option value=\"All Inclusive\">All Inclusive<\/option><option value=\"Sin Pensi\u00f3n\">Sin Pensi\u00f3n<\/option><\/select><\/span><\/span>\n\t\t\t<\/p>\n\t\t<\/div>\n\t\t<div class=\"form-contact__item-short\">\n\t\t\t<p><span><span class=\"wpcf7-form-control-wrap\" data-name=\"habitacion\"><select class=\"wpcf7-form-control wpcf7-select\" aria-invalid=\"false\" name=\"habitacion\"><option value=\"Habitaci\u00f3n\">Habitaci\u00f3n<\/option><option value=\"------------------------------------\">------------------------------------<\/option><option value=\"Standard\">Standard<\/option><option value=\"Simple\">Simple<\/option><option value=\"Doble\">Doble<\/option><option value=\"Triple\">Triple<\/option><option value=\"Superior King\">Superior King<\/option><\/select><\/span><\/span>\n\t\t\t<\/p>\n\t\t<\/div>\n\t<\/div>\n\t<div class=\"form-contact__fields-short\">\n\t\t<div class=\"form-contact__item-short\">\n\t\t\t<p><span><span class=\"wpcf7-form-control-wrap\" data-name=\"ninos\"><select class=\"wpcf7-form-control wpcf7-select\" aria-invalid=\"false\" name=\"ninos\"><option value=\"Cantidad de  Ni\u00f1os (0 a 11 a\u00f1os)\">Cantidad de  Ni\u00f1os (0 a 11 a\u00f1os)<\/option><option value=\"------------------------------------\">------------------------------------<\/option><option value=\"0\">0<\/option><option value=\"1\">1<\/option><option value=\"2\">2<\/option><option value=\"3\">3<\/option><option value=\"4\">4<\/option><\/select><\/span><\/span>\n\t\t\t<\/p>\n\t\t<\/div>\n\t\t<div class=\"form-contact__item-short\">\n\t\t\t<p><span><span class=\"wpcf7-form-control-wrap\" data-name=\"adultos\"><select class=\"wpcf7-form-control wpcf7-select\" aria-invalid=\"false\" name=\"adultos\"><option value=\"Cantidad de  Adultos (+12 a\u00f1os)\">Cantidad de  Adultos (+12 a\u00f1os)<\/option><option value=\"------------------------------------\">------------------------------------<\/option><option value=\"0\">0<\/option><option value=\"1\">1<\/option><option value=\"2\">2<\/option><option value=\"3\">3<\/option><option value=\"4\">4<\/option><option value=\"5\">5<\/option><option value=\"6\">6<\/option><option value=\"7\">7<\/option><option value=\"8\">8<\/option><option value=\"9\">9<\/option><option value=\"10\">10<\/option><\/select><\/span><\/span>\n\t\t\t<\/p>\n\t\t<\/div>\n\t<\/div>\n\t<div class=\"form-contact__fields-short\">\n\t\t<div class=\"form-contact__item-short\">\n\t\t\t<p><span><span class=\"wpcf7-form-control-wrap\" data-name=\"otros\"><select class=\"wpcf7-form-control wpcf7-select\" aria-invalid=\"false\" name=\"otros\"><option value=\"Otros\">Otros<\/option><option value=\"------------------------------------\">------------------------------------<\/option><option value=\"Asistencia al Viajero\">Asistencia al Viajero<\/option><option value=\"Excursiones\">Excursiones<\/option><\/select><\/span><\/span>\n\t\t\t<\/p>\n\t\t<\/div>\n\t\t<div class=\"form-contact__item-short\">\n\t\t\t<p><span><span class=\"wpcf7-form-control-wrap\" data-name=\"trasnporte\"><select class=\"wpcf7-form-control wpcf7-select\" aria-invalid=\"false\" name=\"trasnporte\"><option value=\"Transporte\">Transporte<\/option><option value=\"------------------------------------\">------------------------------------<\/option><option value=\"Avi\u00f3n\">Avi\u00f3n<\/option><option value=\"Bus\">Bus<\/option><option value=\"Crucero\">Crucero<\/option><option value=\"Auto ALQ\">Auto ALQ<\/option><option value=\"Translados\">Translados<\/option><\/select><\/span><\/span>\n\t\t\t<\/p>\n\t\t<\/div>\n\t<\/div>\n\t<p><br \/>\n<span><span class=\"wpcf7-form-control-wrap\" data-name=\"consulta\"><textarea cols=\"40\" rows=\"10\" maxlength=\"2000\" class=\"wpcf7-form-control wpcf7-textarea\" aria-invalid=\"false\" placeholder=\"Danos m\u00e1s pistas para ayudarnos a armar tu viaje. \u00bfAlgo m\u00e1s que tengamos que saber, o alguna otra idea que tengamos que sumar?\" name=\"consulta\"><\/textarea><\/span><\/span>\n\t<\/p>\n\n\t<p><input class=\"wpcf7-form-control wpcf7-submit has-spinner button button--style1\" type=\"submit\" value=\"Enviar\" \/>\n\t<\/p>\n<\/div><p style=\"display: none !important;\" class=\"akismet-fields-container\" data-prefix=\"_wpcf7_ak_\"><label>&#916;<textarea name=\"_wpcf7_ak_hp_textarea\" cols=\"45\" rows=\"8\" maxlength=\"100\"><\/textarea><\/label><input type=\"hidden\" id=\"ak_js_1\" name=\"_wpcf7_ak_js\" value=\"249\"\/><script type=\"text\/javascript\">\n\/* <![CDATA[ *\/\ndocument.getElementById( \"ak_js_1\" ).setAttribute( \"value\", ( new Date() ).getTime() );\n\/* ]]> *\/\n<\/script>\n<\/p><div class=\"wpcf7-response-output\" aria-hidden=\"true\"><\/div>\n<\/form>\n<\/div>\n[\/vc_column][\/vc_row]<\/p>\n","protected":false},"excerpt":{"rendered":"<p>[vc_row content_placement=\u00bbmiddle\u00bb el_id=\u00bbservicios\u00bb css=\u00bb.vc_custom_1464297180210{margin-bottom: 40px !important;}\u00bb][vc_column width=\u00bb1\/4&#8243;][vc_single_image image=\u00bb131&#8243; img_size=\u00bb200&#215;200&#8243; alignment=\u00bbcenter\u00bb css=\u00bb.vc_custom_1464295750235{margin-bottom: 0px !important;padding-bottom: 0px !important;}\u00bb][vc_column_text] Vuelos Compra de pasajes a\u00e9reos [\/vc_column_text][\/vc_column][vc_column width=\u00bb1\/4&#8243;][vc_single_image image=\u00bb141&#8243; img_size=\u00bb200&#215;200&#8243; alignment=\u00bbcenter\u00bb css=\u00bb.vc_custom_1464296193947{margin-bottom: 0px !important;padding-bottom: 0px !important;}\u00bb][vc_column_text] Terrestres Compra de pasajes en<\/p>\n<div class=\"padding-top text-center\"><a href=\"http:\/\/realtour.tur.ar\/site\/servicios\/\" class=\"atbtn atbtn--medium atbtn--rounded atbtn--transparent\">Leer m\u00e1s<i class=\"atbtn__icon atbtn__icon--right fa fa-long-arrow-right\"><\/i><\/a><\/div>\n","protected":false},"author":3,"featured_media":0,"parent":0,"menu_order":0,"comment_status":"closed","ping_status":"closed","template":"","meta":{"footnotes":""},"class_list":["post-16","page","type-page","status-publish","hentry"],"_links":{"self":[{"href":"http:\/\/realtour.tur.ar\/site\/wp-json\/wp\/v2\/pages\/16","targetHints":{"allow":["GET"]}}],"collection":[{"href":"http:\/\/realtour.tur.ar\/site\/wp-json\/wp\/v2\/pages"}],"about":[{"href":"http:\/\/realtour.tur.ar\/site\/wp-json\/wp\/v2\/types\/page"}],"author":[{"embeddable":true,"href":"http:\/\/realtour.tur.ar\/site\/wp-json\/wp\/v2\/users\/3"}],"replies":[{"embeddable":true,"href":"http:\/\/realtour.tur.ar\/site\/wp-json\/wp\/v2\/comments?post=16"}],"version-history":[{"count":0,"href":"http:\/\/realtour.tur.ar\/site\/wp-json\/wp\/v2\/pages\/16\/revisions"}],"wp:attachment":[{"href":"http:\/\/realtour.tur.ar\/site\/wp-json\/wp\/v2\/media?parent=16"}],"curies":[{"name":"wp","href":"https:\/\/api.w.org\/{rel}","templated":true}]}}